{"id":149,"date":"2022-06-06T09:18:54","date_gmt":"2022-06-06T07:18:54","guid":{"rendered":"https:\/\/cnsn.be\/?page_id=149"},"modified":"2025-06-02T16:22:39","modified_gmt":"2025-06-02T14:22:39","slug":"inscription","status":"publish","type":"page","link":"https:\/\/cnsn.be\/index.php\/inscription\/","title":{"rendered":"Inscription"},"content":{"rendered":"<p><div class=\"fusion-fullwidth fullwidth-box fusion-builder-row-1 nonhundred-percent-fullwidth non-hundred-percent-height-scrolling\"  style='background-color: rgba(255,255,255,0);background-position: center center;background-repeat: no-repeat;padding-top:0px;padding-right:0px;padding-bottom:0px;padding-left:0px;'><div class=\"fusion-builder-row fusion-row \"><div  class=\"fusion-layout-column fusion_builder_column fusion_builder_column_1_1 fusion-builder-column-1 fusion-one-full fusion-column-first fusion-column-last 1_1\"  style='margin-top:0px;margin-bottom:20px;'>\n\t\t\t\t\t<div class=\"fusion-column-wrapper\" style=\"padding: 0px 0px 0px 0px;background-position:left top;background-repeat:no-repeat;-webkit-background-size:cover;-moz-background-size:cover;-o-background-size:cover;background-size:cover;\"   data-bg-url=\"\">\n\t\t\t\t\t\t<style type=\"text\/css\"><\/style><div class=\"fusion-title title fusion-title-1 fusion-title-center fusion-title-text fusion-title-size-one\" style=\"font-size:50px;margin-top:0px;margin-bottom:60px;\"><div class=\"title-sep-container title-sep-container-left\"><div class=\"title-sep sep-double sep-solid\" style=\"border-color:rgba(1,150,41,0.71);\"><\/div><\/div><h1 class=\"title-heading-center\" style=\"margin:0;font-size:1em;color:rgba(1,150,41,0.71);\"><strong>Informations d&rsquo;inscription<\/strong><\/h1><div class=\"title-sep-container title-sep-container-right\"><div class=\"title-sep sep-double sep-solid\" style=\"border-color:rgba(1,150,41,0.71);\"><\/div><\/div><\/div><style type=\"text\/css\"><\/style><div class=\"fusion-title title fusion-title-2 fusion-sep-none fusion-title-center fusion-title-text fusion-title-size-two\" style=\"font-size:44px;margin-top:20px;margin-bottom:20px;\"><h2 class=\"title-heading-center\" style=\"margin:0;font-size:1em;color:rgba(1,150,41,0.71);\">Inscription de nouveaux membres<\/h2><\/div><div class=\"fusion-text\"><p>Les pr\u00e9inscriptions pour la saison 25-26 sont ouvertes.<\/p>\n<ul>\n<li>Pour la pataugeoire : <a href=\"https:\/\/cnsn.monclub.app\/app\/6811dfa37a4804b1e0a07711\">cliquez ici<\/a> et suivez les instructions.<\/li>\n<li>Pour la grande piscine : <a href=\"https:\/\/cnsn.monclub.app\/app\/68121abd5699295e6e8ba622\">cliquez ici<\/a> et suivez les instructions.<\/li>\n<li>Pour le groupe comp\u00e9tition : <a href=\"https:\/\/cnsn.monclub.app\/app\/68122598ac56291dc4f861b2\">cliquez ici<\/a> et suivez les instructions.<\/li>\n<\/ul>\n<p><strong>Vous trouverez les informations de contact\u00a0<a href=\"https:\/\/cnsn.be\/#contact\">ici<\/a><\/strong><\/p>\n<\/div><div class=\"fusion-clearfix\"><\/div>\n\n\t\t\t\t\t<\/div>\n\t\t\t\t<\/div><\/div><\/div><div class=\"fusion-fullwidth fullwidth-box fusion-builder-row-2 nonhundred-percent-fullwidth non-hundred-percent-height-scrolling\"  style='background-color: rgba(255,255,255,0);background-position: center center;background-repeat: no-repeat;padding-top:0px;padding-right:0px;padding-bottom:0px;padding-left:0px;'><div class=\"fusion-builder-row fusion-row \"><div  class=\"fusion-layout-column fusion_builder_column fusion_builder_column_1_1 fusion-builder-column-2 fusion-one-full fusion-column-first fusion-column-last 1_1\"  style='margin-top:0px;margin-bottom:20px;'>\n\t\t\t\t\t<div class=\"fusion-column-wrapper\" style=\"padding: 0px 0px 0px 0px;background-position:left top;background-repeat:no-repeat;-webkit-background-size:cover;-moz-background-size:cover;-o-background-size:cover;background-size:cover;\"   data-bg-url=\"\">\n\t\t\t\t\t\t<div class=\"fusion-section-separator section-separator triangle\" style=\"border:1px solid #f6f6f6;margin-left:-0px;margin-right:-0px;\"><div class=\"section-separator-icon icon fa-swimmer fas\" style=\"color:#ffffff;\"><\/div><div class=\"divider-candy both\" style=\"background-color:rgba(1,150,41,0.71);border:1px solid #f6f6f6;\"><\/div><\/div><div class=\"fusion-clearfix\"><\/div>\n\n\t\t\t\t\t<\/div>\n\t\t\t\t<\/div><\/div><\/div><div class=\"fusion-fullwidth fullwidth-box fusion-builder-row-3 nonhundred-percent-fullwidth non-hundred-percent-height-scrolling\"  style='background-color: rgba(255,255,255,0);background-position: center center;background-repeat: no-repeat;padding-top:0px;padding-right:0px;padding-bottom:0px;padding-left:0px;'><div class=\"fusion-builder-row fusion-row \"><div  class=\"fusion-layout-column fusion_builder_column fusion_builder_column_1_1 fusion-builder-column-3 fusion-one-full fusion-column-first fusion-column-last 1_1\"  style='margin-top:0px;margin-bottom:20px;'>\n\t\t\t\t\t<div class=\"fusion-column-wrapper\" style=\"padding: 0px 0px 0px 0px;background-position:left top;background-repeat:no-repeat;-webkit-background-size:cover;-moz-background-size:cover;-o-background-size:cover;background-size:cover;\"   data-bg-url=\"\">\n\t\t\t\t\t\t<style type=\"text\/css\"><\/style><div class=\"fusion-title title fusion-title-3 fusion-sep-none fusion-title-center fusion-title-text fusion-title-size-two\" style=\"font-size:44px;margin-top:20px;margin-bottom:20px;\"><h2 class=\"title-heading-center\" style=\"margin:0;font-size:1em;color:rgba(1,150,41,0.71);\">R\u00e9-inscription des membres<\/h2><\/div><div class=\"fusion-text\"><p>Chers Parents, Chers Nageurs,<\/p>\n<p>Veuillez trouver dans le fichier, <a href=\"https:\/\/cnsn.be\/index.php\/inscription\/renseignements-cnsn-2022-2023\/\" rel=\"attachment wp-att-157\">Renseignements CNSN 2022-2023<\/a>, les informations concernant la r\u00e9inscription de votre enfant pour la saison prochaine.<br \/>\nSachez qu&rsquo;en r\u00e9inscrivant votre enfant maintenant vous \u00eates prioritaires sur les nouvelles demandes qui affluent d\u00e9j\u00e0.<br \/>\nNe tardez donc pas trop, car les cours seront vite complets.<\/p>\n<p>Veuillez \u00e9galement trouver dans les fichiers suivants :<\/p>\n<ol>\n<li><a href=\"https:\/\/cnsn.be\/index.php\/inscription\/dates-restantes-2022\/\" rel=\"attachment wp-att-158\">Les dates de cours restantes<\/a>\u00a0:\u00a0 Dates auxquelles vous pouvez effectuer la r\u00e9inscription de votre enfant pour la saison prochaine.<\/li>\n<li style=\"text-align: left;\"><a href=\"https:\/\/cnsn.be\/index.php\/inscription\/bulletin-dinscription-cnsn-2022-2023\/\" rel=\"attachment wp-att-159\">Le formulaire \u00e0 compl\u00e9ter pour la r\u00e9inscription :<\/a>\u00a0 Ce formulaire est \u00e0 rendre compl\u00e9t\u00e9 lors d&rsquo;un des cours repris dans le document pr\u00e9c\u00e9dent.<\/li>\n<\/ol>\n<p>Il vous est \u00e9galement demand\u00e9 de bien vouloir payer la cotisation pr\u00e9f\u00e9rentiellement par virement au compte :<\/p>\n<blockquote>\n<p><em>BE38 0011 9450 4072<\/em> du <span class=\"il\">CNSN<\/span> et en communication : <em>Nom de l&rsquo;enfant &#8211; Pr\u00e9nom\u00a0 &#8211; groupe<\/em><\/p>\n<\/blockquote>\n<p>Nous vous demandons de bien vouloir apporter une preuve de payement lors de la r\u00e9inscription (extrait de compte, capture d&rsquo;\u00e9cran&#8230;)<br \/>\nLe payement par application bancaire au moment de la r\u00e9inscription sera \u00e9galement accept\u00e9.<\/p>\n<p>Pour toutes questions, vous pouvez contacter Isabelle Dubois au 0474\/84.27.73 ou au 02\/242.25.79 ou par mail\u00a0<a href=\"mailto:contactcnsn@gmail.com\" target=\"_blank\" rel=\"noopener\">contactcnsn@gmail.com<\/a>.<\/p>\n<\/div><div class=\"fusion-clearfix\"><\/div>\n\n\t\t\t\t\t<\/div>\n\t\t\t\t<\/div><\/div><\/div><\/p>\n","protected":false},"excerpt":{"rendered":"","protected":false},"author":1,"featured_media":0,"parent":0,"menu_order":0,"comment_status":"closed","ping_status":"closed","template":"","meta":[],"yoast_head":"<!-- This site is optimized with the Yoast SEO plugin v19.4 - https:\/\/yoast.com\/wordpress\/plugins\/seo\/ -->\n<title>Inscription - CNSN<\/title>\n<meta name=\"description\" content=\"CNSN - Inscription - Ecole de natation de la ville de bruxelles - Cercle de natation de Shaerbeek et Neder-over-Heembeek -\" \/>\n<meta name=\"robots\" content=\"index, follow, max-snippet:-1, max-image-preview:large, max-video-preview:-1\" \/>\n<link rel=\"canonical\" href=\"https:\/\/cnsn.be\/index.php\/inscription\/\" \/>\n<meta property=\"og:locale\" content=\"fr_FR\" \/>\n<meta property=\"og:type\" content=\"article\" \/>\n<meta property=\"og:title\" content=\"Inscription - CNSN\" \/>\n<meta property=\"og:description\" content=\"CNSN - Inscription - Ecole de natation de la ville de bruxelles - Cercle de natation de Shaerbeek et Neder-over-Heembeek -\" \/>\n<meta property=\"og:url\" content=\"https:\/\/cnsn.be\/index.php\/inscription\/\" \/>\n<meta property=\"og:site_name\" content=\"CNSN\" \/>\n<meta property=\"article:modified_time\" content=\"2025-06-02T14:22:39+00:00\" \/>\n<meta name=\"twitter:card\" content=\"summary_large_image\" \/>\n<meta name=\"twitter:label1\" content=\"Dur\u00e9e de lecture estim\u00e9e\" \/>\n\t<meta name=\"twitter:data1\" content=\"4 minutes\" \/>\n<script type=\"application\/ld+json\" class=\"yoast-schema-graph\">{\"@context\":\"https:\/\/schema.org\",\"@graph\":[{\"@type\":\"Organization\",\"@id\":\"https:\/\/cnsn.be\/#organization\",\"name\":\"CNSN\",\"url\":\"https:\/\/cnsn.be\/\",\"sameAs\":[],\"logo\":{\"@type\":\"ImageObject\",\"inLanguage\":\"fr-FR\",\"@id\":\"https:\/\/cnsn.be\/#\/schema\/logo\/image\/\",\"url\":\"https:\/\/cnsn.be\/wp-content\/uploads\/2020\/06\/cnsn-logo-e1591033404789.png\",\"contentUrl\":\"https:\/\/cnsn.be\/wp-content\/uploads\/2020\/06\/cnsn-logo-e1591033404789.png\",\"width\":87,\"height\":80,\"caption\":\"CNSN\"},\"image\":{\"@id\":\"https:\/\/cnsn.be\/#\/schema\/logo\/image\/\"}},{\"@type\":\"WebSite\",\"@id\":\"https:\/\/cnsn.be\/#website\",\"url\":\"https:\/\/cnsn.be\/\",\"name\":\"CNSN\",\"description\":\"Cercle de Natation de Schaerbeek et Neder-Over-Hembeek\",\"publisher\":{\"@id\":\"https:\/\/cnsn.be\/#organization\"},\"potentialAction\":[{\"@type\":\"SearchAction\",\"target\":{\"@type\":\"EntryPoint\",\"urlTemplate\":\"https:\/\/cnsn.be\/?s={search_term_string}\"},\"query-input\":\"required name=search_term_string\"}],\"inLanguage\":\"fr-FR\"},{\"@type\":\"WebPage\",\"@id\":\"https:\/\/cnsn.be\/index.php\/inscription\/\",\"url\":\"https:\/\/cnsn.be\/index.php\/inscription\/\",\"name\":\"Inscription - CNSN\",\"isPartOf\":{\"@id\":\"https:\/\/cnsn.be\/#website\"},\"datePublished\":\"2022-06-06T07:18:54+00:00\",\"dateModified\":\"2025-06-02T14:22:39+00:00\",\"description\":\"CNSN - Inscription - Ecole de natation de la ville de bruxelles - Cercle de natation de Shaerbeek et Neder-over-Heembeek -\",\"breadcrumb\":{\"@id\":\"https:\/\/cnsn.be\/index.php\/inscription\/#breadcrumb\"},\"inLanguage\":\"fr-FR\",\"potentialAction\":[{\"@type\":\"ReadAction\",\"target\":[\"https:\/\/cnsn.be\/index.php\/inscription\/\"]}]},{\"@type\":\"BreadcrumbList\",\"@id\":\"https:\/\/cnsn.be\/index.php\/inscription\/#breadcrumb\",\"itemListElement\":[{\"@type\":\"ListItem\",\"position\":1,\"name\":\"Accueil\",\"item\":\"https:\/\/cnsn.be\/\"},{\"@type\":\"ListItem\",\"position\":2,\"name\":\"Inscription\"}]}]}<\/script>\n<!-- \/ Yoast SEO plugin. -->","yoast_head_json":{"title":"Inscription - CNSN","description":"CNSN - Inscription - Ecole de natation de la ville de bruxelles - Cercle de natation de Shaerbeek et Neder-over-Heembeek -","robots":{"index":"index","follow":"follow","max-snippet":"max-snippet:-1","max-image-preview":"max-image-preview:large","max-video-preview":"max-video-preview:-1"},"canonical":"https:\/\/cnsn.be\/index.php\/inscription\/","og_locale":"fr_FR","og_type":"article","og_title":"Inscription - CNSN","og_description":"CNSN - Inscription - Ecole de natation de la ville de bruxelles - Cercle de natation de Shaerbeek et Neder-over-Heembeek -","og_url":"https:\/\/cnsn.be\/index.php\/inscription\/","og_site_name":"CNSN","article_modified_time":"2025-06-02T14:22:39+00:00","twitter_card":"summary_large_image","twitter_misc":{"Dur\u00e9e de lecture estim\u00e9e":"4 minutes"},"schema":{"@context":"https:\/\/schema.org","@graph":[{"@type":"Organization","@id":"https:\/\/cnsn.be\/#organization","name":"CNSN","url":"https:\/\/cnsn.be\/","sameAs":[],"logo":{"@type":"ImageObject","inLanguage":"fr-FR","@id":"https:\/\/cnsn.be\/#\/schema\/logo\/image\/","url":"https:\/\/cnsn.be\/wp-content\/uploads\/2020\/06\/cnsn-logo-e1591033404789.png","contentUrl":"https:\/\/cnsn.be\/wp-content\/uploads\/2020\/06\/cnsn-logo-e1591033404789.png","width":87,"height":80,"caption":"CNSN"},"image":{"@id":"https:\/\/cnsn.be\/#\/schema\/logo\/image\/"}},{"@type":"WebSite","@id":"https:\/\/cnsn.be\/#website","url":"https:\/\/cnsn.be\/","name":"CNSN","description":"Cercle de Natation de Schaerbeek et Neder-Over-Hembeek","publisher":{"@id":"https:\/\/cnsn.be\/#organization"},"potentialAction":[{"@type":"SearchAction","target":{"@type":"EntryPoint","urlTemplate":"https:\/\/cnsn.be\/?s={search_term_string}"},"query-input":"required name=search_term_string"}],"inLanguage":"fr-FR"},{"@type":"WebPage","@id":"https:\/\/cnsn.be\/index.php\/inscription\/","url":"https:\/\/cnsn.be\/index.php\/inscription\/","name":"Inscription - CNSN","isPartOf":{"@id":"https:\/\/cnsn.be\/#website"},"datePublished":"2022-06-06T07:18:54+00:00","dateModified":"2025-06-02T14:22:39+00:00","description":"CNSN - Inscription - Ecole de natation de la ville de bruxelles - Cercle de natation de Shaerbeek et Neder-over-Heembeek -","breadcrumb":{"@id":"https:\/\/cnsn.be\/index.php\/inscription\/#breadcrumb"},"inLanguage":"fr-FR","potentialAction":[{"@type":"ReadAction","target":["https:\/\/cnsn.be\/index.php\/inscription\/"]}]},{"@type":"BreadcrumbList","@id":"https:\/\/cnsn.be\/index.php\/inscription\/#breadcrumb","itemListElement":[{"@type":"ListItem","position":1,"name":"Accueil","item":"https:\/\/cnsn.be\/"},{"@type":"ListItem","position":2,"name":"Inscription"}]}]}},"_links":{"self":[{"href":"https:\/\/cnsn.be\/index.php\/wp-json\/wp\/v2\/pages\/149"}],"collection":[{"href":"https:\/\/cnsn.be\/index.php\/wp-json\/wp\/v2\/pages"}],"about":[{"href":"https:\/\/cnsn.be\/index.php\/wp-json\/wp\/v2\/types\/page"}],"author":[{"embeddable":true,"href":"https:\/\/cnsn.be\/index.php\/wp-json\/wp\/v2\/users\/1"}],"replies":[{"embeddable":true,"href":"https:\/\/cnsn.be\/index.php\/wp-json\/wp\/v2\/comments?post=149"}],"version-history":[{"count":17,"href":"https:\/\/cnsn.be\/index.php\/wp-json\/wp\/v2\/pages\/149\/revisions"}],"predecessor-version":[{"id":185,"href":"https:\/\/cnsn.be\/index.php\/wp-json\/wp\/v2\/pages\/149\/revisions\/185"}],"wp:attachment":[{"href":"https:\/\/cnsn.be\/index.php\/wp-json\/wp\/v2\/media?parent=149"}],"curies":[{"name":"wp","href":"https:\/\/api.w.org\/{rel}","templated":true}]}}